{"id":34,"date":"2023-07-12T11:17:47","date_gmt":"2023-07-12T11:17:47","guid":{"rendered":"https:\/\/micheljobert.fr\/?page_id=34"},"modified":"2024-12-01T12:19:42","modified_gmt":"2024-12-01T12:19:42","slug":"oeuvre-litteraire","status":"publish","type":"page","link":"https:\/\/micheljobert.fr\/index.php\/menu-principal\/oeuvre-litteraire\/","title":{"rendered":"Oeuvre litt\u00e9raire"},"content":{"rendered":"\t\t<div data-elementor-type=\"wp-page\" data-elementor-id=\"34\" class=\"elementor elementor-34\">\n\t\t\t\t\t\t<section class=\"elementor-section elementor-top-section elementor-element elementor-element-6d5f8d3 elementor-section-boxed elementor-section-height-default elementor-section-height-default\" data-id=\"6d5f8d3\" data-element_type=\"section\">\n\t\t\t\t\t\t<div class=\"elementor-container elementor-column-gap-default\">\n\t\t\t\t\t<div class=\"elementor-column elementor-col-100 elementor-top-column elementor-element elementor-element-6185d23\" data-id=\"6185d23\" data-element_type=\"column\">\n\t\t\t<div class=\"elementor-widget-wrap elementor-element-populated\">\n\t\t\t\t\t\t<div class=\"elementor-element elementor-element-78810e1 elementor-widget elementor-widget-text-editor\" data-id=\"78810e1\" data-element_type=\"widget\" data-widget_type=\"text-editor.default\">\n\t\t\t\t<div class=\"elementor-widget-container\">\n\t\t\t\t\t\t\t<p><span style=\"color: #000000;\">Michel Jobert a \u00e9crit plusieurs romans.\u00a0<span style=\"font-style: inherit; font-weight: inherit; font-family: var( --e-global-typography-text-font-family ), Sans-serif; background-color: var(--ast-global-color-5);\">Vous pouvez consulter des extraits de certains d&rsquo;entre eux juste ici !<\/span><\/span><\/p>\t\t\t\t\t\t<\/div>\n\t\t\t\t<\/div>\n\t\t\t\t\t<\/div>\n\t\t<\/div>\n\t\t\t\t\t<\/div>\n\t\t<\/section>\n\t\t\t\t<section class=\"elementor-section elementor-top-section elementor-element elementor-element-a24a1b2 elementor-section-boxed elementor-section-height-default elementor-section-height-default\" data-id=\"a24a1b2\" data-element_type=\"section\">\n\t\t\t\t\t\t<div class=\"elementor-container elementor-column-gap-default\">\n\t\t\t\t\t<div class=\"elementor-column elementor-col-66 elementor-top-column elementor-element elementor-element-7456d2d\" data-id=\"7456d2d\" data-element_type=\"column\">\n\t\t\t<div class=\"elementor-widget-wrap elementor-element-populated\">\n\t\t\t\t\t\t<div class=\"elementor-element elementor-element-4ce98bc elementor-widget elementor-widget-heading\" data-id=\"4ce98bc\" data-element_type=\"widget\" data-widget_type=\"heading.default\">\n\t\t\t\t<div class=\"elementor-widget-container\">\n\t\t\t<h5 class=\"elementor-heading-title elementor-size-default\"><u>La Vie d'Hella Schuster :<\/u><br><u>(<\/u>1980)<\/h5>\t\t<\/div>\n\t\t\t\t<\/div>\n\t\t\t\t\t<\/div>\n\t\t<\/div>\n\t\t\t\t<div class=\"elementor-column elementor-col-33 elementor-top-column elementor-element elementor-element-99f6f07\" data-id=\"99f6f07\" data-element_type=\"column\">\n\t\t\t<div class=\"elementor-widget-wrap\">\n\t\t\t\t\t\t\t<\/div>\n\t\t<\/div>\n\t\t\t\t\t<\/div>\n\t\t<\/section>\n\t\t\t\t<section class=\"elementor-section elementor-top-section elementor-element elementor-element-a9ffb2f elementor-section-boxed elementor-section-height-default elementor-section-height-default\" data-id=\"a9ffb2f\" data-element_type=\"section\">\n\t\t\t\t\t\t<div class=\"elementor-container elementor-column-gap-default\">\n\t\t\t\t\t<div class=\"elementor-column elementor-col-100 elementor-top-column elementor-element elementor-element-a2c6a9c\" data-id=\"a2c6a9c\" data-element_type=\"column\">\n\t\t\t<div class=\"elementor-widget-wrap elementor-element-populated\">\n\t\t\t\t\t\t<div class=\"elementor-element elementor-element-f941346 elementor-widget elementor-widget-text-editor\" data-id=\"f941346\" data-element_type=\"widget\" data-widget_type=\"text-editor.default\">\n\t\t\t\t<div class=\"elementor-widget-container\">\n\t\t\t\t\t\t\t<blockquote><p><span style=\"color: #000000;\"><em>\u00ab\u00a0Elle \u00e9tait belle et nul n&rsquo;aurait pu \u00eatre tent\u00e9 de dire qu&rsquo;elle \u00e9tait encore belle, tant la fascination qu&rsquo;elle\u00a0exer\u00e7ait et la distance qu&rsquo;elle \u00e9tablissait entre ses interlocuteurs et elle-m\u00eame \u00e9chappaient \u00e0\u00a0l&rsquo;explication simple, et paraissaient inalt\u00e9rables. Son visage et son maintien, certes, la d\u00e9signaient \u00e0\u00a0la flatteuse appr\u00e9ciation des regards. Mais ils n&rsquo;\u00e9taient rien dans le sentiment confus et irr\u00e9sistibles\u00a0qui attirait les uns et les autres vers Hella Schuster et effrayait les autres. Sur chaque grain de son\u00a0visage, dans chaque geste, dans son regard mobile ou bien arr\u00eat\u00e9, dans sa transparence, s&rsquo;inscrivait\u00a0l&rsquo;\u00e2me d&rsquo;Hella, diabolique pour ceux-ci, magnifique pour d&rsquo;autres.\u00a0\u00bb<\/em><\/span><\/p><\/blockquote>\t\t\t\t\t\t<\/div>\n\t\t\t\t<\/div>\n\t\t\t\t\t<\/div>\n\t\t<\/div>\n\t\t\t\t\t<\/div>\n\t\t<\/section>\n\t\t\t\t<section class=\"elementor-section elementor-top-section elementor-element elementor-element-f1f9901 elementor-section-boxed elementor-section-height-default elementor-section-height-default\" data-id=\"f1f9901\" data-element_type=\"section\">\n\t\t\t\t\t\t<div class=\"elementor-container elementor-column-gap-default\">\n\t\t\t\t\t<div class=\"elementor-column elementor-col-66 elementor-top-column elementor-element elementor-element-cde5a76\" data-id=\"cde5a76\" data-element_type=\"column\">\n\t\t\t<div class=\"elementor-widget-wrap elementor-element-populated\">\n\t\t\t\t\t\t<div class=\"elementor-element elementor-element-b0ef260 elementor-widget elementor-widget-heading\" data-id=\"b0ef260\" data-element_type=\"widget\" data-widget_type=\"heading.default\">\n\t\t\t\t<div class=\"elementor-widget-container\">\n\t\t\t<h2 class=\"elementor-heading-title elementor-size-default\"><h5 class=\"elementor-heading-title elementor-size-default elementor-inline-editing pen\" data-elementor-setting-key=\"title\" data-pen-placeholder=\"\u00c9crivez ici...\" data-lt-tmp-id=\"lt-329483\" data-gramm=\"false\" style=\"font-style: normal;font-weight: var( --e-global-typography-primary-font-weight );font-family: var( --e-global-typography-primary-font-family ), Sans-serif\"><u>Les Vandales :<\/u><br><u>(<\/u>1980)<\/h5><\/h2>\t\t<\/div>\n\t\t\t\t<\/div>\n\t\t\t\t\t<\/div>\n\t\t<\/div>\n\t\t\t\t<div class=\"elementor-column elementor-col-33 elementor-top-column elementor-element elementor-element-bb221d0\" data-id=\"bb221d0\" data-element_type=\"column\">\n\t\t\t<div class=\"elementor-widget-wrap\">\n\t\t\t\t\t\t\t<\/div>\n\t\t<\/div>\n\t\t\t\t\t<\/div>\n\t\t<\/section>\n\t\t\t\t<section class=\"elementor-section elementor-top-section elementor-element elementor-element-43b5ed9 elementor-section-boxed elementor-section-height-default elementor-section-height-default\" data-id=\"43b5ed9\" data-element_type=\"section\">\n\t\t\t\t\t\t<div class=\"elementor-container elementor-column-gap-default\">\n\t\t\t\t\t<div class=\"elementor-column elementor-col-100 elementor-top-column elementor-element elementor-element-9edab6d\" data-id=\"9edab6d\" data-element_type=\"column\">\n\t\t\t<div class=\"elementor-widget-wrap elementor-element-populated\">\n\t\t\t\t\t\t<div class=\"elementor-element elementor-element-976474a elementor-widget elementor-widget-text-editor\" data-id=\"976474a\" data-element_type=\"widget\" data-widget_type=\"text-editor.default\">\n\t\t\t\t<div class=\"elementor-widget-container\">\n\t\t\t\t\t\t\t<blockquote><p><em><span style=\"color: #000000;\">Au d\u00e9but du Ve si\u00e8cle, en 406, un petit peuple venant de l&rsquo;est franchit le Rhin. Il avait quitt\u00e9 son territoire &#8211; la Hongrie d&rsquo;aujourd&rsquo;hui -, pouss\u00e9 par d&rsquo;autres peuples germaniques de l&rsquo;Orient, qui eux-m\u00eames \u00e9taient refoul\u00e9s par de grandes migrations jaunes d&rsquo;Asie centrale. Jadis, il avait gliss\u00e9 de la Scandinavie et de la Baltique vers la Mer noire et la Caspienne. Maintenant il chevauchait vers l&rsquo;ouest pour essayer de survivre. En deux ann\u00e9es, il traversait la France, tentait de se fixer dans le nord de l&rsquo;Espagne, en Galice. Mais d&rsquo;autres Germains, les Wisigoths et les Su\u00e8ves, associ\u00e9s \u00e0 l&rsquo;Empire romain moribond, le rejet\u00e8rent en Andalousie. Il \u00e9tait condamn\u00e9 \u00e0 dispara\u00eetre: une partie de ce peuple y fut an\u00e9antie. Les autres, men\u00e9s par un roi d&rsquo;exception, eurent l&rsquo;audace d&#8217;embarquer pour lAfrique, puis de cheminer jusqu&rsquo;\u00e0 Carthage d&rsquo;o\u00f9 ils chass\u00e8rent les Romains. Ils s&rsquo;\u00e9tablirent l\u00e0\u00a0<\/span><\/em><em><span style=\"color: #000000;\">et contr\u00f4l\u00e8rent la M\u00e9diterran\u00e9e occidentale. Ils dur\u00e8rent un si\u00e8cle. Puis, vaincus par Byzance, ils disparurent. Presque toute trace d&rsquo;eux est effac\u00e9e. Ils s&rsquo;appelaient les Vandales.<\/span><\/em><\/p><\/blockquote>\t\t\t\t\t\t<\/div>\n\t\t\t\t<\/div>\n\t\t\t\t<div class=\"elementor-element elementor-element-fc77197 elementor-widget elementor-widget-heading\" data-id=\"fc77197\" data-element_type=\"widget\" data-widget_type=\"heading.default\">\n\t\t\t\t<div class=\"elementor-widget-container\">\n\t\t\t<h2 class=\"elementor-heading-title elementor-size-default\"><h5 class=\"elementor-heading-title elementor-size-default elementor-inline-editing pen\" data-elementor-setting-key=\"title\" data-lt-tmp-id=\"lt-329483\" data-gramm=\"false\" data-pen-placeholder=\"\u00c9crivez ici...\" style=\"font-style: normal;font-weight: var( --e-global-typography-primary-font-weight );font-family: var( --e-global-typography-primary-font-family ), Sans-serif\"><u>La rivi\u00e8re aux grenades :<\/u><br><u>(<\/u>1980)<\/h5><\/h2>\t\t<\/div>\n\t\t\t\t<\/div>\n\t\t\t\t\t<\/div>\n\t\t<\/div>\n\t\t\t\t\t<\/div>\n\t\t<\/section>\n\t\t\t\t<section class=\"elementor-section elementor-top-section elementor-element elementor-element-5247ea5 elementor-section-boxed elementor-section-height-default elementor-section-height-default\" data-id=\"5247ea5\" data-element_type=\"section\">\n\t\t\t\t\t\t<div class=\"elementor-container elementor-column-gap-default\">\n\t\t\t\t\t<div class=\"elementor-column elementor-col-100 elementor-top-column elementor-element elementor-element-f4ae704\" data-id=\"f4ae704\" data-element_type=\"column\">\n\t\t\t<div class=\"elementor-widget-wrap elementor-element-populated\">\n\t\t\t\t\t\t<div class=\"elementor-element elementor-element-ab549ea elementor-widget elementor-widget-text-editor\" data-id=\"ab549ea\" data-element_type=\"widget\" data-widget_type=\"text-editor.default\">\n\t\t\t\t<div class=\"elementor-widget-container\">\n\t\t\t\t\t\t\t<blockquote>\n<p><em><span style=\"color: #000000;\">\u00ab Souvent, il avait travers\u00e9 l&rsquo;Oued, ici ou l\u00e0, comme tant de visiteurs de sa vie que rien n&rsquo;avait tenus&nbsp;<\/span><\/em><em><span style=\"color: #000000;\">ensemble, sinon la fugitive vision de la rivi\u00e8re aux Grenades. Aujourd&rsquo;hui, en suivant contin\u00fbment&nbsp;<\/span><\/em><em><span style=\"color: #000000;\">l&rsquo;eau qui s&rsquo;acc\u00e9l\u00e9rait \u00e0 peine, glissant d&rsquo;un bassin \u00e0 l&rsquo;autre, une grande joie lui venait; l&rsquo;unit\u00e9 de sa&nbsp;<\/span><\/em><em><span style=\"color: #000000;\">vie lui \u00e9tait enfin restitu\u00e9e par ce modeste parcours&#8230; \u00bb \u00ab Comme l&rsquo;Oued, il avait accept\u00e9 de&nbsp;<\/span><\/em><em><span style=\"color: #000000;\">dispara\u00eetre dans l&rsquo;accumulation des eaux chuchotantes, dans l&rsquo;accumulation des vies dispers\u00e9es. Il&nbsp;<\/span><\/em><em><span style=\"color: #000000;\">regarderait la rivi\u00e8re aux Grenades m\u00ealer son flot m\u00e9diocre et bourbeux \u00e0 l&rsquo;Oued R&rsquo;Dom plus&nbsp;<\/span><\/em><em><span style=\"color: #000000;\">bourbeux encore, mais puissant. A Mehedya, au bout du voyage, sur l&rsquo;Atlantique, ayant grossi \u00e0&nbsp;<\/span><\/em><em><span style=\"color: #000000;\">peine le fleuve Sebou, ils retrouveraient peut-\u00eatre le souvenir d&rsquo;un enfant d&rsquo;autrefois. \u00bb<\/span><\/em><\/p>\n<\/blockquote>\t\t\t\t\t\t<\/div>\n\t\t\t\t<\/div>\n\t\t\t\t\t<\/div>\n\t\t<\/div>\n\t\t\t\t\t<\/div>\n\t\t<\/section>\n\t\t\t\t<section class=\"elementor-section elementor-top-section elementor-element elementor-element-bce1ba9 elementor-section-boxed elementor-section-height-default elementor-section-height-default\" data-id=\"bce1ba9\" data-element_type=\"section\">\n\t\t\t\t\t\t<div class=\"elementor-container elementor-column-gap-default\">\n\t\t\t\t\t<div class=\"elementor-column elementor-col-66 elementor-top-column elementor-element elementor-element-03b93be\" data-id=\"03b93be\" data-element_type=\"column\">\n\t\t\t<div class=\"elementor-widget-wrap\">\n\t\t\t\t\t\t\t<\/div>\n\t\t<\/div>\n\t\t\t\t<div class=\"elementor-column elementor-col-33 elementor-top-column elementor-element elementor-element-c712890\" data-id=\"c712890\" data-element_type=\"column\">\n\t\t\t<div class=\"elementor-widget-wrap\">\n\t\t\t\t\t\t\t<\/div>\n\t\t<\/div>\n\t\t\t\t\t<\/div>\n\t\t<\/section>\n\t\t\t\t<\/div>\n\t\t","protected":false},"excerpt":{"rendered":"<p>Michel Jobert a \u00e9crit plusieurs romans.\u00a0Vous pouvez consulter des extraits de certains d&rsquo;entre eux juste ici ! La Vie d&rsquo;Hella Schuster :(1980) \u00ab\u00a0Elle \u00e9tait belle et nul n&rsquo;aurait pu \u00eatre tent\u00e9 de dire qu&rsquo;elle \u00e9tait encore belle, tant la fascination qu&rsquo;elle\u00a0exer\u00e7ait et la distance qu&rsquo;elle \u00e9tablissait entre ses interlocuteurs et elle-m\u00eame \u00e9chappaient \u00e0\u00a0l&rsquo;explication simple, et&#8230;<\/p>\n","protected":false},"author":1,"featured_media":0,"parent":10,"menu_order":0,"comment_status":"closed","ping_status":"closed","template":"","meta":{"om_disable_all_campaigns":false,"_monsterinsights_skip_tracking":false,"_monsterinsights_sitenote_active":false,"_monsterinsights_sitenote_note":"","_monsterinsights_sitenote_category":0,"_kadence_starter_templates_imported_post":false,"_kad_post_transparent":"","_kad_post_title":"","_kad_post_layout":"","_kad_post_sidebar_id":"","_kad_post_content_style":"","_kad_post_vertical_padding":"","_kad_post_feature":"","_kad_post_feature_position":"","_kad_post_header":false,"_kad_post_footer":false,"footnotes":""},"class_list":["post-34","page","type-page","status-publish","hentry"],"aioseo_notices":[],"_links":{"self":[{"href":"https:\/\/micheljobert.fr\/index.php\/wp-json\/wp\/v2\/pages\/34","targetHints":{"allow":["GET"]}}],"collection":[{"href":"https:\/\/micheljobert.fr\/index.php\/wp-json\/wp\/v2\/pages"}],"about":[{"href":"https:\/\/micheljobert.fr\/index.php\/wp-json\/wp\/v2\/types\/page"}],"author":[{"embeddable":true,"href":"https:\/\/micheljobert.fr\/index.php\/wp-json\/wp\/v2\/users\/1"}],"replies":[{"embeddable":true,"href":"https:\/\/micheljobert.fr\/index.php\/wp-json\/wp\/v2\/comments?post=34"}],"version-history":[{"count":4,"href":"https:\/\/micheljobert.fr\/index.php\/wp-json\/wp\/v2\/pages\/34\/revisions"}],"predecessor-version":[{"id":106,"href":"https:\/\/micheljobert.fr\/index.php\/wp-json\/wp\/v2\/pages\/34\/revisions\/106"}],"up":[{"embeddable":true,"href":"https:\/\/micheljobert.fr\/index.php\/wp-json\/wp\/v2\/pages\/10"}],"wp:attachment":[{"href":"https:\/\/micheljobert.fr\/index.php\/wp-json\/wp\/v2\/media?parent=34"}],"curies":[{"name":"wp","href":"https:\/\/api.w.org\/{rel}","templated":true}]}}