{"id":31,"date":"2023-07-12T11:17:12","date_gmt":"2023-07-12T11:17:12","guid":{"rendered":"https:\/\/micheljobert.fr\/?page_id=31"},"modified":"2024-12-28T12:43:30","modified_gmt":"2024-12-28T12:43:30","slug":"bibliographie","status":"publish","type":"page","link":"https:\/\/micheljobert.fr\/index.php\/menu-principal\/bibliographie\/","title":{"rendered":"Bibliographie"},"content":{"rendered":"\t\t<div data-elementor-type=\"wp-page\" data-elementor-id=\"31\" class=\"elementor elementor-31\">\n\t\t\t\t\t\t<section class=\"elementor-section elementor-top-section elementor-element elementor-element-477a080b elementor-section-boxed elementor-section-height-default elementor-section-height-default\" data-id=\"477a080b\" data-element_type=\"section\">\n\t\t\t\t\t\t<div class=\"elementor-container elementor-column-gap-default\">\n\t\t\t\t\t<div class=\"elementor-column elementor-col-100 elementor-top-column elementor-element elementor-element-269f0e73\" data-id=\"269f0e73\" data-element_type=\"column\">\n\t\t\t<div class=\"elementor-widget-wrap elementor-element-populated\">\n\t\t\t\t\t\t<div class=\"elementor-element elementor-element-29606f1b elementor-widget elementor-widget-text-editor\" data-id=\"29606f1b\" data-element_type=\"widget\" data-widget_type=\"text-editor.default\">\n\t\t\t\t<div class=\"elementor-widget-container\">\n\t\t\t\t\t\t\t<p><a title=\"Broullion\" href=\"https:\/\/micheljobert.fr\/index.php\/menu-principal\/bibliographie\/broullion\/\">Michel Jobert<\/a> a \u00e9crit de nombreux ouvrages. Romans, m\u00e9moires, essais, ouvrages politiques ou g\u00e9ographiques.<\/p>\n<p>M\u00e9moires d&rsquo;avenir, Grasset, (prix Aujourd&rsquo;hui 1974)<br \/>Les id\u00e9es simples de la vie, Grasset, (1975)<br \/>L&rsquo;Autre regard, Grasset, (1976)<br \/>Lettre ouverte aux femmes politiques, Albin Michel, (1976)<\/p>\n<p>La vie d&rsquo;Hella Schuster, Albin Michel, (roman, 1977)<br \/>Parler aux Fran\u00e7ais, Arthaud, (1977)<br \/>Maroc, extr\u00eame Maghreb du soleil couchant, \u00c9ditions Jeune Afrique, (1978)<br \/>La rivi\u00e8re aux grenades, Albin Michel, (roman, 1982)<br \/>Chroniques du Midi libre, Hachette et Midi Libre, (1982)<br \/>Vive l&rsquo;Europe libre, Ramsay, (en coll., 1983)<br \/>Par trente-six chemins, Albin Michel, (1984)<br \/>Maghreb, \u00e0 l&rsquo;ombre de ses mains, Albin Michel, (1985)<br \/>Les Am\u00e9ricains, Albin Michel, (1987)<br \/>Journal Imm\u00e9diat et pour une petite \u00e9ternit\u00e9, Albin Michel, (1987)<br \/>Vandales !, Albin Michel, (1990)<br \/>Journal du Golfe, ao\u00fbt 1990-ao\u00fbt 1991, Albin Michel, (1991)<br \/>Ni dieu ni diable, Albin Michel, (1993)<br \/>Chroniques de l&rsquo;esp\u00e9rance, 1988-1992., \u00e9d. Horizons m\u00e9diterran\u00e9ens (1993)<br \/>L&rsquo;aveuglement du monde occidental, Chroniques de politique internationale, 1993-1996, Albin\u00a0Michel, (1997).<\/p>\n<p><img fetchpriority=\"high\" decoding=\"async\" class=\"\" src=\"https:\/\/pictures.abebooks.com\/inventory\/32032035600.jpg\" width=\"351\" height=\"468\" \/><\/p>\n<details class=\"wp-block-details\">\n<p><!-- wp:navigation {\"ref\":165} \/--><\/p>\n<\/details>\n<p><!-- \/wp:details --><!-- wp:paragraph --><\/p>\n<p><!-- \/wp:paragraph --><\/p>\t\t\t\t\t\t<\/div>\n\t\t\t\t<\/div>\n\t\t\t\t<div class=\"elementor-element elementor-element-e580ac7 elementor-widget__width-initial elementor-widget elementor-widget-image\" data-id=\"e580ac7\" data-element_type=\"widget\" data-widget_type=\"image.default\">\n\t\t\t\t<div class=\"elementor-widget-container\">\n\t\t\t\t\t\t\t\t\t\t\t\t\t<img decoding=\"async\" width=\"500\" height=\"769\" src=\"https:\/\/micheljobert.fr\/wp-content\/uploads\/2024\/12\/0584167-vandales.jpg\" class=\"attachment-large size-large wp-image-208\" alt=\"\" srcset=\"https:\/\/micheljobert.fr\/wp-content\/uploads\/2024\/12\/0584167-vandales.jpg 500w, https:\/\/micheljobert.fr\/wp-content\/uploads\/2024\/12\/0584167-vandales-195x300.jpg 195w\" sizes=\"(max-width: 500px) 100vw, 500px\" \/>\t\t\t\t\t\t\t\t\t\t\t\t\t<\/div>\n\t\t\t\t<\/div>\n\t\t\t\t<div class=\"elementor-element elementor-element-9427a63 elementor-widget elementor-widget-image-gallery\" data-id=\"9427a63\" data-element_type=\"widget\" data-widget_type=\"image-gallery.default\">\n\t\t\t\t<div class=\"elementor-widget-container\">\n\t\t\t\t\t<div class=\"elementor-image-gallery\">\n\t\t\t<div id='gallery-1' class='gallery galleryid-31 gallery-columns-4 gallery-size-thumbnail'><figure class='gallery-item'>\n\t\t\t<div class='gallery-icon portrait'>\n\t\t\t\t<a data-elementor-open-lightbox=\"yes\" data-elementor-lightbox-slideshow=\"9427a63\" data-elementor-lightbox-title=\"0584167 vandales\" data-e-action-hash=\"#elementor-action%3Aaction%3Dlightbox%26settings%3DeyJpZCI6MjA4LCJ1cmwiOiJodHRwczpcL1wvbWljaGVsam9iZXJ0LmZyXC93cC1jb250ZW50XC91cGxvYWRzXC8yMDI0XC8xMlwvMDU4NDE2Ny12YW5kYWxlcy5qcGciLCJzbGlkZXNob3ciOiI5NDI3YTYzIn0%3D\" href='https:\/\/micheljobert.fr\/wp-content\/uploads\/2024\/12\/0584167-vandales.jpg'><img decoding=\"async\" width=\"150\" height=\"150\" src=\"https:\/\/micheljobert.fr\/wp-content\/uploads\/2024\/12\/0584167-vandales-150x150.jpg\" class=\"attachment-thumbnail size-thumbnail\" alt=\"\" aria-describedby=\"gallery-1-208\" \/><\/a>\n\t\t\t<\/div>\n\t\t\t\t<figcaption class='wp-caption-text gallery-caption' id='gallery-1-208'>\n\t\t\t\tVandales !\n\t\t\t\t<\/figcaption><\/figure><figure class='gallery-item'>\n\t\t\t<div class='gallery-icon portrait'>\n\t\t\t\t<a data-elementor-open-lightbox=\"yes\" data-elementor-lightbox-slideshow=\"9427a63\" data-elementor-lightbox-title=\"t\u00e9l\u00e9chargement Vive L&#039;Europe Libre\" data-e-action-hash=\"#elementor-action%3Aaction%3Dlightbox%26settings%3DeyJpZCI6MjEyLCJ1cmwiOiJodHRwczpcL1wvbWljaGVsam9iZXJ0LmZyXC93cC1jb250ZW50XC91cGxvYWRzXC8yMDI0XC8xMlwvdGVsZWNoYXJnZW1lbnQtVml2ZS1MRXVyb3BlLUxpYnJlLmpwZWciLCJzbGlkZXNob3ciOiI5NDI3YTYzIn0%3D\" href='https:\/\/micheljobert.fr\/wp-content\/uploads\/2024\/12\/telechargement-Vive-LEurope-Libre.jpeg'><img loading=\"lazy\" decoding=\"async\" width=\"150\" height=\"150\" src=\"https:\/\/micheljobert.fr\/wp-content\/uploads\/2024\/12\/telechargement-Vive-LEurope-Libre-150x150.jpeg\" class=\"attachment-thumbnail size-thumbnail\" alt=\"\" aria-describedby=\"gallery-1-212\" \/><\/a>\n\t\t\t<\/div>\n\t\t\t\t<figcaption class='wp-caption-text gallery-caption' id='gallery-1-212'>\n\t\t\t\tVive L&rsquo;Europe Libre\n\t\t\t\t<\/figcaption><\/figure><figure class='gallery-item'>\n\t\t\t<div class='gallery-icon landscape'>\n\t\t\t\t<a data-elementor-open-lightbox=\"yes\" data-elementor-lightbox-slideshow=\"9427a63\" data-elementor-lightbox-title=\"t\u00e9l\u00e9chargement L&#039;autre regard\" data-e-action-hash=\"#elementor-action%3Aaction%3Dlightbox%26settings%3DeyJpZCI6MjEzLCJ1cmwiOiJodHRwczpcL1wvbWljaGVsam9iZXJ0LmZyXC93cC1jb250ZW50XC91cGxvYWRzXC8yMDI0XC8xMlwvdGVsZWNoYXJnZW1lbnQtTGF1dHJlLXJlZ2FyZC5qcGVnIiwic2xpZGVzaG93IjoiOTQyN2E2MyJ9\" href='https:\/\/micheljobert.fr\/wp-content\/uploads\/2024\/12\/telechargement-Lautre-regard.jpeg'><img loading=\"lazy\" decoding=\"async\" width=\"150\" height=\"150\" src=\"https:\/\/micheljobert.fr\/wp-content\/uploads\/2024\/12\/telechargement-Lautre-regard-150x150.jpeg\" class=\"attachment-thumbnail size-thumbnail\" alt=\"\" aria-describedby=\"gallery-1-213\" srcset=\"https:\/\/micheljobert.fr\/wp-content\/uploads\/2024\/12\/telechargement-Lautre-regard-150x150.jpeg 150w, https:\/\/micheljobert.fr\/wp-content\/uploads\/2024\/12\/telechargement-Lautre-regard.jpeg 225w\" sizes=\"(max-width: 150px) 100vw, 150px\" \/><\/a>\n\t\t\t<\/div>\n\t\t\t\t<figcaption class='wp-caption-text gallery-caption' id='gallery-1-213'>\n\t\t\t\tL&rsquo;Autre Regard\n\t\t\t\t<\/figcaption><\/figure><figure class='gallery-item'>\n\t\t\t<div class='gallery-icon portrait'>\n\t\t\t\t<a data-elementor-open-lightbox=\"yes\" data-elementor-lightbox-slideshow=\"9427a63\" data-elementor-lightbox-title=\"t\u00e9l\u00e9chargement La Rvi\u00e8re\" data-e-action-hash=\"#elementor-action%3Aaction%3Dlightbox%26settings%3DeyJpZCI6MjE0LCJ1cmwiOiJodHRwczpcL1wvbWljaGVsam9iZXJ0LmZyXC93cC1jb250ZW50XC91cGxvYWRzXC8yMDI0XC8xMlwvdGVsZWNoYXJnZW1lbnQtTGEtUnZpZXJlLmpwZWciLCJzbGlkZXNob3ciOiI5NDI3YTYzIn0%3D\" href='https:\/\/micheljobert.fr\/wp-content\/uploads\/2024\/12\/telechargement-La-Rviere.jpeg'><img loading=\"lazy\" decoding=\"async\" width=\"150\" height=\"150\" src=\"https:\/\/micheljobert.fr\/wp-content\/uploads\/2024\/12\/telechargement-La-Rviere-150x150.jpeg\" class=\"attachment-thumbnail size-thumbnail\" alt=\"\" aria-describedby=\"gallery-1-214\" \/><\/a>\n\t\t\t<\/div>\n\t\t\t\t<figcaption class='wp-caption-text gallery-caption' id='gallery-1-214'>\n\t\t\t\tLa Rivi\u00e8re aux Grenades\n\t\t\t\t<\/figcaption><\/figure><figure class='gallery-item'>\n\t\t\t<div class='gallery-icon portrait'>\n\t\t\t\t<a data-elementor-open-lightbox=\"yes\" data-elementor-lightbox-slideshow=\"9427a63\" data-elementor-lightbox-title=\"t\u00e9l\u00e9chargement Les am\u00e9ricains\" data-e-action-hash=\"#elementor-action%3Aaction%3Dlightbox%26settings%3DeyJpZCI6MjE1LCJ1cmwiOiJodHRwczpcL1wvbWljaGVsam9iZXJ0LmZyXC93cC1jb250ZW50XC91cGxvYWRzXC8yMDI0XC8xMlwvdGVsZWNoYXJnZW1lbnQtTGVzLWFtZXJpY2FpbnMuanBlZyIsInNsaWRlc2hvdyI6Ijk0MjdhNjMifQ%3D%3D\" href='https:\/\/micheljobert.fr\/wp-content\/uploads\/2024\/12\/telechargement-Les-americains.jpeg'><img loading=\"lazy\" decoding=\"async\" width=\"150\" height=\"150\" src=\"https:\/\/micheljobert.fr\/wp-content\/uploads\/2024\/12\/telechargement-Les-americains-150x150.jpeg\" class=\"attachment-thumbnail size-thumbnail\" alt=\"\" aria-describedby=\"gallery-1-215\" \/><\/a>\n\t\t\t<\/div>\n\t\t\t\t<figcaption class='wp-caption-text gallery-caption' id='gallery-1-215'>\n\t\t\t\tLes Am\u00e9ricains\n\t\t\t\t<\/figcaption><\/figure>\n\t\t<\/div>\n\t\t<\/div>\n\t\t\t\t<\/div>\n\t\t\t\t<\/div>\n\t\t\t\t\t<\/div>\n\t\t<\/div>\n\t\t\t\t\t<\/div>\n\t\t<\/section>\n\t\t\t\t<section class=\"elementor-section elementor-top-section elementor-element elementor-element-c9dadc4 elementor-section-boxed elementor-section-height-default elementor-section-height-default\" data-id=\"c9dadc4\" data-element_type=\"section\">\n\t\t\t\t\t\t<div class=\"elementor-container elementor-column-gap-default\">\n\t\t\t\t\t<div class=\"elementor-column elementor-col-100 elementor-top-column elementor-element elementor-element-9a8ced3\" data-id=\"9a8ced3\" data-element_type=\"column\">\n\t\t\t<div class=\"elementor-widget-wrap elementor-element-populated\">\n\t\t\t\t\t\t<div class=\"elementor-element elementor-element-bae2191 elementor-widget elementor-widget-text-editor\" data-id=\"bae2191\" data-element_type=\"widget\" data-widget_type=\"text-editor.default\">\n\t\t\t\t<div class=\"elementor-widget-container\">\n\t\t\t\t\t\t\t<p>.<\/p>\n<p><strong>Michel Jobert et l\u2019intelligence artificielle<\/strong><\/p>\n<p>\u00a0<\/p>\n<p>Michel Jobert n\u2019a pas connu l\u2019intelligence artificielle mais il a certainement eu l\u2019occasion de rencontrer la b\u00eatise et l\u2019absurdit\u00e9.<\/p>\n<p>Voici sa bibliographie ( fictive) selon l\u2019IA de Bing ( Microsoft) :<\/p>\n<ol>\n<li>\n<blockquote><em><strong>\u00ab\u00a0L\u2019ivresse publique\u00a0\u00bb<\/strong> by Michel Jobert (1984) &#8211; In this book, Jobert might have provided a preface discussing public policies.<\/em><\/blockquote>\n<\/li>\n<li>\n<blockquote><em><strong>\u00ab\u00a0Un fou s\u2019empare de l\u2019\u00c9lys\u00e9e\u00a0\u00bb<\/strong> by Michel Jobert (1981) &#8211; Jobert could have written a preface highlighting his views on the French presidency.<\/em><\/blockquote>\n<\/li>\n<li>\n<blockquote><em><strong>\u00ab\u00a0L\u2019arbre de mai\u00a0\u00bb<\/strong> by Michel Jobert (1982) &#8211; Another work by Jobert that may contain his preface insights on French politics and society.<\/em><\/blockquote>\n<\/li>\n<\/ol>\t\t\t\t\t\t<\/div>\n\t\t\t\t<\/div>\n\t\t\t\t\t<\/div>\n\t\t<\/div>\n\t\t\t\t\t<\/div>\n\t\t<\/section>\n\t\t\t\t<\/div>\n\t\t","protected":false},"excerpt":{"rendered":"<p>Michel Jobert a \u00e9crit de nombreux ouvrages. Romans, m\u00e9moires, essais, ouvrages politiques ou g\u00e9ographiques. M\u00e9moires d&rsquo;avenir, Grasset, (prix Aujourd&rsquo;hui 1974)Les id\u00e9es simples de la vie, Grasset, (1975)L&rsquo;Autre regard, Grasset, (1976)Lettre ouverte aux femmes politiques, Albin Michel, (1976) La vie d&rsquo;Hella Schuster, Albin Michel, (roman, 1977)Parler aux Fran\u00e7ais, Arthaud, (1977)Maroc, extr\u00eame Maghreb du soleil couchant, \u00c9ditions&#8230;<\/p>\n","protected":false},"author":1,"featured_media":0,"parent":10,"menu_order":0,"comment_status":"closed","ping_status":"closed","template":"","meta":{"om_disable_all_campaigns":false,"_monsterinsights_skip_tracking":false,"_monsterinsights_sitenote_active":false,"_monsterinsights_sitenote_note":"","_monsterinsights_sitenote_category":0,"_kadence_starter_templates_imported_post":false,"_kad_post_transparent":"","_kad_post_title":"","_kad_post_layout":"","_kad_post_sidebar_id":"","_kad_post_content_style":"","_kad_post_vertical_padding":"","_kad_post_feature":"","_kad_post_feature_position":"","_kad_post_header":false,"_kad_post_footer":false,"footnotes":""},"class_list":["post-31","page","type-page","status-publish","hentry"],"aioseo_notices":[],"_links":{"self":[{"href":"https:\/\/micheljobert.fr\/index.php\/wp-json\/wp\/v2\/pages\/31","targetHints":{"allow":["GET"]}}],"collection":[{"href":"https:\/\/micheljobert.fr\/index.php\/wp-json\/wp\/v2\/pages"}],"about":[{"href":"https:\/\/micheljobert.fr\/index.php\/wp-json\/wp\/v2\/types\/page"}],"author":[{"embeddable":true,"href":"https:\/\/micheljobert.fr\/index.php\/wp-json\/wp\/v2\/users\/1"}],"replies":[{"embeddable":true,"href":"https:\/\/micheljobert.fr\/index.php\/wp-json\/wp\/v2\/comments?post=31"}],"version-history":[{"count":34,"href":"https:\/\/micheljobert.fr\/index.php\/wp-json\/wp\/v2\/pages\/31\/revisions"}],"predecessor-version":[{"id":236,"href":"https:\/\/micheljobert.fr\/index.php\/wp-json\/wp\/v2\/pages\/31\/revisions\/236"}],"up":[{"embeddable":true,"href":"https:\/\/micheljobert.fr\/index.php\/wp-json\/wp\/v2\/pages\/10"}],"wp:attachment":[{"href":"https:\/\/micheljobert.fr\/index.php\/wp-json\/wp\/v2\/media?parent=31"}],"curies":[{"name":"wp","href":"https:\/\/api.w.org\/{rel}","templated":true}]}}