{"id":10,"date":"2023-07-09T09:54:57","date_gmt":"2023-07-09T09:54:57","guid":{"rendered":"https:\/\/micheljobert.fr\/?page_id=10"},"modified":"2024-12-26T17:50:30","modified_gmt":"2024-12-26T17:50:30","slug":"menu-principal","status":"publish","type":"page","link":"https:\/\/micheljobert.fr\/","title":{"rendered":"MICHEL JOBERT"},"content":{"rendered":"<img fetchpriority=\"high\" decoding=\"async\" width=\"1024\" height=\"519\" src=\"https:\/\/micheljobert.fr\/wp-content\/uploads\/2023\/07\/image_6483441-1-1-1024x519.jpg\" alt=\"\" srcset=\"https:\/\/micheljobert.fr\/wp-content\/uploads\/2023\/07\/image_6483441-1-1-1024x519.jpg 1024w, https:\/\/micheljobert.fr\/wp-content\/uploads\/2023\/07\/image_6483441-1-1-300x152.jpg 300w, https:\/\/micheljobert.fr\/wp-content\/uploads\/2023\/07\/image_6483441-1-1-768x389.jpg 768w, https:\/\/micheljobert.fr\/wp-content\/uploads\/2023\/07\/image_6483441-1-1-1536x779.jpg 1536w, https:\/\/micheljobert.fr\/wp-content\/uploads\/2023\/07\/image_6483441-1-1-2048x1038.jpg 2048w\" sizes=\"(max-width: 1024px) 100vw, 1024px\" \/>\t\t\t\t\t\t\t\t\t\t\t\t\t\n\t\t\t<h2>Biographie :<\/h2>\t\t\n\t\t<ul>\n<li>&nbsp;\n<ul class=\"wp-block-list\">\n<li><strong>Enfance :<\/strong><\/li>\n\n\n<li>N\u00e9 le 11 septembre 1921.<\/li>\n\n\n<li><strong>Adolescence :<\/strong><\/li>\n\n\n<li>\u00c9tudes : Lyc\u00e9es de Rabat et de Mekn\u00e8s.<\/li>\n\n\n<li>\u00c9tudes Sup\u00e9rieures : Dipl\u00f4m\u00e9 de l\u2019\u00c9cole libre des&nbsp;sciences politiques.<\/li>\n\n\n<li><strong>La Guerre :<\/strong><\/li>\n\n\n<li>Campagne d\u2019Italie, D\u00e9barquement en&nbsp;Provence, bless\u00e9 pr\u00e8s de Belfort ( 1943-1944)<\/li>\n\n\n<li>D\u00e9corations : Commandeur de la L\u00e9gion d\u2019honneur,&nbsp;Croix de guerre 39-45.<\/li>\n\n\n<li><strong>Le Jeune Fonctionnaire :<\/strong><\/li>\n\n\n<li>El\u00e8ve \u00e0 l\u2019Ecole nationale d\u2019administration (1947-48)<\/li>\n\n\n<li>Auditeur (1949) puis Conseiller r\u00e9f\u00e9rendaire (1953) \u00e0 la Cour des Comptes<\/li>\n\n\n<li>Membre de cabinets minist\u00e9riels (1952-56), Finances (Pierre Abelin), Travail et S\u00e9curit\u00e9 Sociale&nbsp;(Paul Bacon),<\/li>\n\n\n<li>Pr\u00e9sidence du Conseil et Ministre d\u2019Etat (Pierre Mend\u00e8s France)<\/li>\n\n\n<li>Directeur de cabinet du Haut commissaire de la R\u00e9publique en Afrique Occidentale fran\u00e7aise&nbsp;(1956-58)<\/li>\n\n\n<li>Directeur de cabinet de Robert Lecourt (ministre d\u2019Etat) (1959-61),<\/li>\n\n\n<li><strong>Les ann\u00e9es Georges Pompidou :<\/strong><\/li>\n\n\n<li>Directeur adjoint (1963-66) puis Directeur (1966-68) de cabinet de Georges Pompidou (Premier&nbsp;Ministre)<\/li>\n\n\n<li>Pr\u00e9sident du Conseil d\u2019administration de l\u2019Office national des for\u00eats (1966-73)<\/li>\n\n\n<li>Administrateur d\u2019Havas ( 1968-73), de la Cit\u00e9 Internationale de l\u2019Universit\u00e9 de Paris (1966)<\/li>\n\n\n<li>Secr\u00e9taire g\u00e9n\u00e9ral de la pr\u00e9sidence de la R\u00e9publique (1969-73)<\/li>\n\n\n<li>Conseiller ma\u00eetre \u00e0 la Cour des comptes (1971-86 )<\/li>\n\n\n<li>Ministre des Affaires \u00e9trang\u00e8res (1973-74)<\/li>\n\n\n<li><strong>La solitude du coureur de fond :<\/strong><\/li>\n\n\n<li>Fondateur du Mouvement des d\u00e9mocrates (1974)<\/li>\n\n\n<li>R\u00e9int\u00e9gr\u00e9 \u00e0 la Cour des comptes (1974-81)<\/li>\n\n\n<li>Ministre d\u2019Etat, Ministre du Commerce Ext\u00e9rieur sous Fran\u00e7ois Mitterand (1981-83)<\/li>\n\n\n<li>Directeur du bulletin mensuel La Lettre de Michel Jobert (1974-84)<\/li>\n\n\n<li>Editorialiste du quotidien Paris ce soir (janvier-f\u00e9vrier 1985)<\/li>\n\n\n<li>Chroniqueur \u00e0 Radio M\u00e9diterran\u00e9e Internationale<\/li>\n\n\n<li><strong>Le Juriste :<\/strong><\/li>\n\n\n<li>Avocat au barreau de Paris (1990-2001)<\/li>\n\n\n<li>Arbitre au Comit\u00e9 national de la Chambre de commerce internationale (1991) .<\/li>\n\n\n<li><strong>Distinctions :<\/strong><\/li>\n\n\n<li>Prix d\u2019Aujourd\u2019hui (1974), Prix de la Langue de France (1989).<\/li>\n<\/ul>\n<\/li>\n<\/ul>","protected":false},"excerpt":{"rendered":"<p>Biographie : &nbsp;<\/p>\n","protected":false},"author":1,"featured_media":0,"parent":0,"menu_order":0,"comment_status":"closed","ping_status":"closed","template":"elementor_theme","meta":{"om_disable_all_campaigns":false,"_monsterinsights_skip_tracking":false,"_monsterinsights_sitenote_active":false,"_monsterinsights_sitenote_note":"","_monsterinsights_sitenote_category":0,"_kadence_starter_templates_imported_post":false,"_kad_post_transparent":"","_kad_post_title":"","_kad_post_layout":"","_kad_post_sidebar_id":"","_kad_post_content_style":"","_kad_post_vertical_padding":"","_kad_post_feature":"","_kad_post_feature_position":"","_kad_post_header":false,"_kad_post_footer":false,"footnotes":""},"class_list":["post-10","page","type-page","status-publish","hentry"],"aioseo_notices":[],"_links":{"self":[{"href":"https:\/\/micheljobert.fr\/index.php\/wp-json\/wp\/v2\/pages\/10","targetHints":{"allow":["GET"]}}],"collection":[{"href":"https:\/\/micheljobert.fr\/index.php\/wp-json\/wp\/v2\/pages"}],"about":[{"href":"https:\/\/micheljobert.fr\/index.php\/wp-json\/wp\/v2\/types\/page"}],"author":[{"embeddable":true,"href":"https:\/\/micheljobert.fr\/index.php\/wp-json\/wp\/v2\/users\/1"}],"replies":[{"embeddable":true,"href":"https:\/\/micheljobert.fr\/index.php\/wp-json\/wp\/v2\/comments?post=10"}],"version-history":[{"count":65,"href":"https:\/\/micheljobert.fr\/index.php\/wp-json\/wp\/v2\/pages\/10\/revisions"}],"predecessor-version":[{"id":174,"href":"https:\/\/micheljobert.fr\/index.php\/wp-json\/wp\/v2\/pages\/10\/revisions\/174"}],"wp:attachment":[{"href":"https:\/\/micheljobert.fr\/index.php\/wp-json\/wp\/v2\/media?parent=10"}],"curies":[{"name":"wp","href":"https:\/\/api.w.org\/{rel}","templated":true}]}}